{"id":122,"date":"2024-11-27T15:19:36","date_gmt":"2024-11-27T14:19:36","guid":{"rendered":"https:\/\/hannesschlegel.com\/cookie-richtlinie\/"},"modified":"2024-11-27T15:19:36","modified_gmt":"2024-11-27T14:19:36","slug":"cookie-richtlinie","status":"publish","type":"page","link":"https:\/\/hannesschlegel.com\/de\/cookie-richtlinie\/","title":{"rendered":"Cookie-Richtlinie"},"content":{"rendered":"<p>Mit dieser Cookie-Richtlinie m\u00f6chten wir erkl\u00e4ren, was Cookies und Cookie-\u00e4hnliche Technologien sind, wie wir und andere Service Provider sie auf dieser Website verwenden, welche Informationen sie sammeln, wie lange und f\u00fcr welche Zwecke wir sie nutzen.<\/p><h2>Inhaltsverzeichnis<\/h2><ul><li><a href=\"#controller-of-the-website\">Verantwortlicher der Website<\/a><\/li><li><a href=\"#diff-to-privacy-policy\">Erg\u00e4nzung der Datenschutz-Richtlinie<\/a><\/li><li><a href=\"#cookie-technology\">Was sind Cookies und \u00e4hnliche Technologien?<\/a><\/li><li><a href=\"#legal-basis\">Was ist die Rechtsgrundlage f\u00fcr das Setzen\/Lesen von Cookies?<\/a><\/li><li><a href=\"#rights-of-visitor\">Welche Rechte hat der Website-Besucher?<\/a><\/li><li><a href=\"#manage-cookies\">Wie verwalte ich Cookies in einem Browser?<\/a><\/li><li><a href=\"#types-of-cookies\">Welche Arten von Cookies gibt es?<\/a><\/li><li><a href=\"#cookies-origin\">Wer kann auf dieser Website Cookies setzen?<\/a><\/li><li><a href=\"#list-of-services\">Welche Cookies werden auf dieser Website verwendet?<\/a><\/li><\/ul><h2 id=\"controller-of-the-website\">Verantwortlicher der Website<\/h2><ul><li><strong>Anbieter: <\/strong>test.hannesschlegel.com, Deutschland<\/li><li><strong>E-Mail: <\/strong><a target=\"_blank\" href=\"mailto:hello@hannesschlegel.com\">hello@hannesschlegel.com<\/a><\/li><li><strong>Telefon: <\/strong><a target=\"_blank\" href=\"tel:01776632066\">01776632066<\/a><\/li><li><strong>Kontaktformular: <\/strong><a target=\"_blank\" href=\"https:\/\/hannesschlegel.com\/de\/contact\/\">hannesschlegel.com\/de\/contact\/<\/a><\/li><\/ul><h2 id=\"diff-to-privacy-policy\">Erg\u00e4nzung der Datenschutz-Richtlinie<\/h2><p>Diese Cookie-Richtlinie ist eine Erg\u00e4nzung zur Datenschutzerkl\u00e4rung dieser Website. Die Cookie-Richtlinie legt fest, wie eine Website Cookies verwendet und welche Daten sie damit sammelt, w\u00e4hrend die Datenschutzerkl\u00e4rung einen umfassenden \u00dcberblick \u00fcber alle Datenverarbeitungsaktivit\u00e4ten auf der Website und dar\u00fcber hinaus bietet.<\/p><h2 id=\"cookie-technology\">Was sind Cookies und \u00e4hnliche Technologien?<\/h2><p>Cookies sind kleine Einheiten von Informationen, \u00e4hnlich wie Textdateien, die auf dem Endger\u00e4t gespeichert und gelesen werden k\u00f6nnen. Sie dienen verschiedenen Zwecken, ua den allgemeinen grundlegenden Funktionen der Website, der Sicherheit und des Datenschutzes, der Bereitstellung optionaler Funktionen der Website, der Erfassung statistischer Daten \u00fcber Besucherstr\u00f6me und der Bereitstellung von Marketingsystemen. Praktische Beispiele daf\u00fcr, was in Cookies gespeichert werden kann, sind die Speicherung des Login-Status in Benutzerkonten, der Inhalt von Warenk\u00f6rben in E-Commerce-Plattformen oder eine Nutzer-ID zur Verfolgung des Verhaltens auf der Website.<br \/><br \/>Die Informationen k\u00f6nnen technisch auf verschiedene Arten gespeichert werden. Die bekanntesten Beispiele daf\u00fcr sind HTTP-Cookies und Cookie-\u00e4hnliche Technologien wie der lokale Speicher, der Sitzungsspeicher oder IndexedDB. Jede Art der Speicherung hat unterschiedliche Eigenschaften, welche die technische Handhabung, die Zug\u00e4nglichkeit und den Zugriff auf die Informationen bestimmen. Alle diese Arten der Speicherung werden in der Regel unter dem Begriff \u201eCookies\u201c zusammengefasst und daher in dieser Cookie-Richtlinie auch so genannt.<\/p><h2 id=\"legal-basis\">Was ist die Rechtsgrundlage f\u00fcr das Setzen\/Lesen von Cookies?<\/h2><p>Das Setzen und Auslesen von Cookies ist in der Europ\u00e4ischen Union (EU) und dem Europ\u00e4ischen Wirtschaftsraum (EWR) gem\u00e4\u00df \u00a7 25 TDDDG (Deutschland) und \u00a7 165 TKG (\u00d6sterreich) nur dann zul\u00e4ssig, wenn ein Nutzer seine Einwilligung auf der Grundlage umfassender Informationen \u00fcber die Zwecke der Verarbeitung gegeben hat. Der Website-Betreiber kann auch Cookies setzen, wenn sie unbedingt notwendig sind, um dir als Nutzer den ausdr\u00fccklich angeforderten Service zur Verf\u00fcgung zu stellen, z. B. die grundlegenden Inhalte dieser Website oder andere unbedingt notwendige Cookies f\u00fcr grundlegende Funktionen der Website, die dir ohne deine Einwilligung angezeigt werden.<\/p><h2 id=\"rights-of-visitor\">Welche Rechte hat der Website-Besucher?<\/h2><p>Dienste und ihre Cookies k\u00f6nnen auf der Rechtsgrundlage Ihrer Einwilligung oder eines berechtigten Interesses gesetzt und gelesen werden. Als du diese Website zum ersten Mal besucht hast, wurdest du nach deiner Einwilligung gefragt und hattest die M\u00f6glichkeit, der Nutzung bestimmter Dienste zu widersprechen. Welche Rechtsgrundlagen f\u00fcr welche Dienste verwendet werden, haben wir in unserem Einwilligungsdialog erkl\u00e4rt.<br \/><br \/>Du hast das Recht, die Geschichte deiner Entscheidungen einzusehen, deine Datenschutzeinstellungen zu \u00e4ndern, die Nutzung von Diensten zu widersprechen und deine Einwilligung jederzeit zu widerrufen. Im Folgenden findest du M\u00f6glichkeiten, deine Rechte auszu\u00fcben:<br \/><ul><li>Bitte gib in deinem Shortcode das Attribut `type` an. Erlaubt: history,revoke,change!<\/li><li>Bitte gib in deinem Shortcode das Attribut `type` an. Erlaubt: history,revoke,change!<\/li><li>Bitte gib in deinem Shortcode das Attribut `type` an. Erlaubt: history,revoke,change!<\/li><\/ul><\/p><h2 id=\"manage-cookies\">Wie verwalte ich Cookies in einem Browser?<\/h2><p><ul><li><strong>Wie man Cookies in einem Browser entfernt:<\/strong> Um Cookies von Ihrem Ger\u00e4t zu entfernen, k\u00f6nnen Sie die Browserdaten in den Einstellungen Ihres Browsers l\u00f6schen. Dadurch werden alle Cookies von allen Websites, die Sie besucht haben, gel\u00f6scht, m\u00f6glicherweise auch die gespeicherten Anmeldedaten und Website-Einstellungen. In einigen Browsern k\u00f6nnen Sie nur die Cookies und \u00e4hnliche Daten l\u00f6schen, ohne den gesamten Browserverlauf zu l\u00f6schen.<\/li><li><strong>Wie du Cookies in einem Browser kontrollierst:<\/strong> Wenn Sie eine genauere Kontrolle \u00fcber die Cookies bestimmter Websites haben m\u00f6chten, gehen Sie zu den Datenschutz- und Cookie-Einstellungen in Ihrem Browser. Hier k\u00f6nnen Sie die Einstellungen f\u00fcr die Verwendung von Cookies auf einzelnen Websites anpassen.<\/li><li><strong>Wie man Cookies in einem Browser blockiert:<\/strong> Bei den meisten modernen Browsern kann man in den Einstellungen festlegen, dass keine Cookies auf seinem Ger\u00e4t gespeichert werden. Das Blockieren von Cookies kann jedoch dazu f\u00fchren, dass bestimmte Dienste und Funktionen nicht ordnungsgem\u00e4\u00df funktionieren, z. B. die Anmeldung als Nutzer. F\u00fcr viele Browser gibt es auch Erweiterungen, die das Setzen von Cookies auf Websites blockieren k\u00f6nnen.<\/li><li><strong>Wie man Cookies auf dieser Website verwaltet:<\/strong> Um Ihre Pr\u00e4ferenzen in Bezug auf Cookies auf dieser Website anzupassen, k\u00f6nnen Sie Ihre Einstellungen jederzeit \u00e4ndern, indem Sie auf den Link im Abschnitt \u201eRechte des Website-Besuchers\u201c klicken.<\/li><\/li><\/ul><p>Weitere Informationen \u00fcber den Umgang mit Cookies finden Sie unten <a href=\"https:\/\/devowl.io\/de\/rcb\/cookie-handhabung\/\" target=\"_blank\" rel=\"nofollow noopener\">devowl.io\/de\/rcb\/cookie-handhabung\/<\/a>.<\/p><\/p><h2 id=\"types-of-cookies\">Welche Arten von Cookies gibt es?<\/h2><p><ul><li><strong>Essenzielle Cookies<\/strong> Sind f\u00fcr die grundlegende Funktionalit\u00e4t einer Website unverzichtbar und Funktionen wie erm\u00f6glichen das Speichern von Anmeldeinformationen oder den Zugriff auf sichere Bereiche der Website. Dazu geh\u00f6ren z. B. Sicherheits-Cookies, die einen Bot, der auf der Website nicht erw\u00fcnscht ist, identifizieren k\u00f6nnen, indem sie einen Authentifizierungsschl\u00fcssel in einem Cookie speichern.<\/li><li><strong>Funktionale Cookies<\/strong> Verbessern Sie das Nutzererlebnis, indem Sie Informationen und Erfahrungen wie Spracheinstellungen oder f\u00fcr das Erscheinungsbild der Website speichern, um eine personalisierte Darstellung zu erm\u00f6glichen. Dazu geh\u00f6ren zum Beispiel Pr\u00e4ferenz-Cookies, welche die bevorzugte Videoqualit\u00e4t der Nutzer auf einer Website speichern.<\/li><li><strong>Statistik-Cookies<\/strong> Sammeln Sie Daten \u00fcber die Nutzung einer Website, um Erkenntnisse \u00fcber das Nutzerverhalten zu gewinnen und die Leistung der Website zu optimieren. Dazu geh\u00f6rt z. B. eine zuf\u00e4llig zugewiesene Nutzer-ID, mit der sich zuordnen l\u00e4sst, ob du eine Unterseite der Website besucht hast.<\/li><li><strong>Marketing-Cookies<\/strong> Werden verwendet, um das Nutzerverhalten \u00fcber verschiedene Websites hinweg zu verfolgen und um personalisierte Werbung auf der Grundlage der Interessen und des Surfverhaltens der Nutzer zu vermarkten. Dazu geh\u00f6ren z. B. Werbe-Cookies, die eine Interaktion mit einer Werbung auf der Website speichern und an Werbetreibende weiterleiten, oder ein Chat-System f\u00fcr Fragen vor dem Kauf und den Kundensupport.<\/li><\/li><\/ul><\/p><h2 id=\"cookies-origin\">Wer kann auf dieser Website Cookies setzen?<\/h2><p>Auf dieser Website k\u00f6nnen sowohl der Betreiber der Website als auch Dienste Dritter, die auf dieser Website genutzt werden, Cookies setzen und auf deren Inhalte zugreifen. Wer auf welche Cookies und deren Inhalte zugreifen kann, unterscheidet sich zwischen First-Party- und Third-Party-Cookies. First-Party-Cookies werden von der besuchten Website erstellt und k\u00f6nnen nur vom Betreiber der Website und den integrierten Diensten Dritter auf dieser Website gelesen werden. Third-Party-Cookies werden in der Regel von Drittanbieter-Diensten auf anderen Domains gesetzt, k\u00f6nnen auf allen Websites gelesen werden, auf denen der Service, der die Domain steuert, eingebettet ist, und werden z. B. von Werbenetzwerken verwendet, um das Nutzerverhalten \u00fcber verschiedene Websites hinweg zu verfolgen und personalisierte Werbung anzubieten.<\/p><h2 id=\"list-of-services\">Welche Cookies werden auf dieser Website verwendet?<\/h2><script type=\"application\/json\">{\"search\":{\"placeholder\":\"Suche...\"},\"sort\":{\"sortAsc\":\"Spalte aufsteigend sortieren\",\"sortDesc\":\"Spalte absteigend sortieren\"},\"pagination\":{\"previous\":\"Vorherige\",\"next\":\"N\\u00e4chste\",\"navigate\":\"Seite %1$d von %2$d\",\"page\":\"Seite %d\",\"showing\":\"Anzeigen\",\"of\":\"von\",\"to\":\"zu\",\"results\":\"Ergebnisse\"},\"noRecordsFound\":\"Keine passenden Eintr\\u00e4ge gefunden\"}<\/script><table  class=\"devowl-wp-react-cookie-banner-cookie-policy\"><thead><tr><th width=\"200px\" scope=\"col\">Kategorie<\/th><th width=\"400px\" scope=\"col\">Technischer Cookie Name<\/th><th width=\"400px\" scope=\"col\">Technischer Cookie Host<\/th><th width=\"400px\" scope=\"col\">Service<\/th><th width=\"250px\" scope=\"col\">Dauer<\/th><th width=\"200px\" scope=\"col\">Typ<\/th><th width=\"550px\" scope=\"col\">Zweck<\/th><\/tr><\/thead><tbody><tr><td>Essenziell<\/td><td>real_cookie_banner*<\/td><td>.hannesschlegel.com<\/td><td>Echtes Cookie-Banner<\/td><td>365 Tage<\/td><td>HTTP-Cookie<\/td><td>Eindeutiger Identifikator f\u00fcr die Einwilligung, aber nicht f\u00fcr den Website-Besucher. Revisionshash f\u00fcr die Einstellungen des Cookie-Banners (Texte, Farben, Funktionen, Servicegruppen, Dienste, Content Blocker usw.). IDs f\u00fcr eingewilligte Dienste und Service-Gruppen.<\/td><\/tr><tr><td>Essenziell<\/td><td>real_cookie_banner*-tcf<\/td><td>.hannesschlegel.com<\/td><td>Echtes Cookie-Banner<\/td><td>365 Tage<\/td><td>HTTP-Cookie<\/td><td>Im Rahmen von TCF werden Einwilligungen gesammelt, die im TC-String-Format gespeichert werden, einschlie\u00dflich TCF-Vendoren, -Zwecke, -Sonderzwecke, -Funktionen und -Sonderfunktionen.<\/td><\/tr><tr><td>Essenziell<\/td><td>real_cookie_banner*-gcm<\/td><td>.hannesschlegel.com<\/td><td>Echtes Cookie-Banner<\/td><td>365 Tage<\/td><td>HTTP-Cookie<\/td><td>Die im Google Consent Mode gesammelten Einwilligungen in den verschiedenen Einwilligungstypen (Zwecke) werden f\u00fcr alle mit dem Google Consent Mode kompatiblen Dienste gespeichert.<\/td><\/tr><tr><td>Essenziell<\/td><td>real_cookie_banner-test<\/td><td>.hannesschlegel.com<\/td><td>Echtes Cookie-Banner<\/td><td>365 Tage<\/td><td>HTTP-Cookie<\/td><td>Cookie, der gesetzt wurde, um die Funktionalit\u00e4t von HTTP-Cookies zu testen. Wird sofort nach dem Test gel\u00f6scht.<\/td><\/tr><tr><td>Essenziell<\/td><td>real_cookie_banner*<\/td><td>https:\/\/hannesschlegel.com<\/td><td>Echtes Cookie-Banner<\/td><td>-<\/td><td>Lokaler Speicher<\/td><td>Eindeutiger Identifikator f\u00fcr die Einwilligung, aber nicht f\u00fcr den Website-Besucher. Revisionshash f\u00fcr die Einstellungen des Cookie-Banners (Texte, Farben, Funktionen, Service-Gruppen, Services, Content Blocker usw.). IDs f\u00fcr eingewilligte Dienste und Service-Gruppen. Wird nur solange gespeichert, bis die Einwilligung auf dem Website-Server dokumentiert ist.<\/td><\/tr><tr><td>Essenziell<\/td><td>real_cookie_banner*-tcf<\/td><td>https:\/\/hannesschlegel.com<\/td><td>Echtes Cookie-Banner<\/td><td>-<\/td><td>Lokaler Speicher<\/td><td>Im Rahmen von TCF werden gesammelte Einwilligungen im TC-String-Format gespeichert, einschlie\u00dflich TCF Vendoren, Zwecke, besondere Zwecke, Funktionen und besondere Funktionen. Wird nur solange gespeichert, bis die Einwilligung auf dem Website-Server dokumentiert ist.<\/td><\/tr><tr><td>Essenziell<\/td><td>real_cookie_banner*-gcm<\/td><td>https:\/\/hannesschlegel.com<\/td><td>Echtes Cookie-Banner<\/td><td>-<\/td><td>Lokaler Speicher<\/td><td>Im Rahmen des Google Consent Mode erfasste Einwilligungen werden f\u00fcr alle mit dem Google Consent Mode kompatiblen Dienste in Einwilligungstypen (Zwecke) gespeichert. Wird nur solange gespeichert, bis die Einwilligung auf dem Website-Server dokumentiert ist.<\/td><\/tr><tr><td>Essenziell<\/td><td>real_cookie_banner-consent-queue*<\/td><td>https:\/\/hannesschlegel.com<\/td><td>Echtes Cookie-Banner<\/td><td>-<\/td><td>Lokaler Speicher<\/td><td>Lokale Zwischenspeicherung (Caching) der Auswahl im Cookie-Banner, bis der Server die Einwilligung dokumentiert; Dokumentation periodisch oder bei Seitenwechseln versucht, wenn der Server nicht verf\u00fcgbar oder \u00fcberlastet ist.<\/td><\/tr><tr><td>Essenziell<\/td><td>real_cookie_banner*<\/td><td>.hannesschlegel.com<\/td><td>Echtes Cookie-Banner<\/td><td>365 Tage<\/td><td>HTTP-Cookie<\/td><td>Eindeutiger Identifikator f\u00fcr die Einwilligung, aber nicht f\u00fcr den Website-Besucher. Revisionshash f\u00fcr die Einstellungen des Cookie-Banners (Texte, Farben, Funktionen, Servicegruppen, Dienste, Content Blocker usw.). IDs f\u00fcr eingewilligte Dienste und Service-Gruppen.<\/td><\/tr><tr><td>Essenziell<\/td><td>real_cookie_banner*-tcf<\/td><td>.hannesschlegel.com<\/td><td>Echtes Cookie-Banner<\/td><td>365 Tage<\/td><td>HTTP-Cookie<\/td><td>Im Rahmen von TCF werden Einwilligungen gesammelt, die im TC-String-Format gespeichert werden, einschlie\u00dflich TCF-Vendoren, -Zwecke, -Sonderzwecke, -Funktionen und -Sonderfunktionen.<\/td><\/tr><tr><td>Essenziell<\/td><td>real_cookie_banner*-gcm<\/td><td>.hannesschlegel.com<\/td><td>Echtes Cookie-Banner<\/td><td>365 Tage<\/td><td>HTTP-Cookie<\/td><td>Die im Google Consent Mode gesammelten Einwilligungen in den verschiedenen Einwilligungstypen (Zwecke) werden f\u00fcr alle mit dem Google Consent Mode kompatiblen Dienste gespeichert.<\/td><\/tr><tr><td>Essenziell<\/td><td>real_cookie_banner-test<\/td><td>.hannesschlegel.com<\/td><td>Echtes Cookie-Banner<\/td><td>365 Tage<\/td><td>HTTP-Cookie<\/td><td>Cookie, der gesetzt wurde, um die Funktionalit\u00e4t von HTTP-Cookies zu testen. Wird sofort nach dem Test gel\u00f6scht.<\/td><\/tr><tr><td>Essenziell<\/td><td>real_cookie_banner*<\/td><td>https:\/\/hannesschlegel.com<\/td><td>Echtes Cookie-Banner<\/td><td>-<\/td><td>Lokaler Speicher<\/td><td>Eindeutiger Identifikator f\u00fcr die Einwilligung, aber nicht f\u00fcr den Website-Besucher. Revisionshash f\u00fcr die Einstellungen des Cookie-Banners (Texte, Farben, Funktionen, Service-Gruppen, Services, Content Blocker usw.). IDs f\u00fcr eingewilligte Dienste und Service-Gruppen. Wird nur solange gespeichert, bis die Einwilligung auf dem Website-Server dokumentiert ist.<\/td><\/tr><tr><td>Essenziell<\/td><td>real_cookie_banner*-tcf<\/td><td>https:\/\/hannesschlegel.com<\/td><td>Echtes Cookie-Banner<\/td><td>-<\/td><td>Lokaler Speicher<\/td><td>Im Rahmen von TCF werden gesammelte Einwilligungen im TC-String-Format gespeichert, einschlie\u00dflich TCF Vendoren, Zwecke, besondere Zwecke, Funktionen und besondere Funktionen. Wird nur solange gespeichert, bis die Einwilligung auf dem Website-Server dokumentiert ist.<\/td><\/tr><tr><td>Essenziell<\/td><td>real_cookie_banner*-gcm<\/td><td>https:\/\/hannesschlegel.com<\/td><td>Echtes Cookie-Banner<\/td><td>-<\/td><td>Lokaler Speicher<\/td><td>Im Rahmen des Google Consent Mode erfasste Einwilligungen werden f\u00fcr alle mit dem Google Consent Mode kompatiblen Dienste in Einwilligungstypen (Zwecke) gespeichert. Wird nur solange gespeichert, bis die Einwilligung auf dem Website-Server dokumentiert ist.<\/td><\/tr><tr><td>Essenziell<\/td><td>real_cookie_banner-consent-queue*<\/td><td>https:\/\/hannesschlegel.com<\/td><td>Echtes Cookie-Banner<\/td><td>-<\/td><td>Lokaler Speicher<\/td><td>Lokale Zwischenspeicherung (Caching) der Auswahl im Cookie-Banner, bis der Server die Einwilligung dokumentiert; Dokumentation periodisch oder bei Seitenwechseln versucht, wenn der Server nicht verf\u00fcgbar oder \u00fcberlastet ist.<\/td><\/tr><\/tbody><\/table><p>Die Cookie-Richtlinie wurde zuletzt am 10. Februar 2026 aktualisiert.<\/p>","protected":false},"excerpt":{"rendered":"","protected":false},"author":1,"featured_media":0,"parent":0,"menu_order":0,"comment_status":"closed","ping_status":"closed","template":"","meta":{"footnotes":""},"class_list":["post-122","page","type-page","status-publish","hentry"],"_links":{"self":[{"href":"https:\/\/hannesschlegel.com\/de\/wp-json\/wp\/v2\/pages\/122","targetHints":{"allow":["GET"]}}],"collection":[{"href":"https:\/\/hannesschlegel.com\/de\/wp-json\/wp\/v2\/pages"}],"about":[{"href":"https:\/\/hannesschlegel.com\/de\/wp-json\/wp\/v2\/types\/page"}],"author":[{"embeddable":true,"href":"https:\/\/hannesschlegel.com\/de\/wp-json\/wp\/v2\/users\/1"}],"replies":[{"embeddable":true,"href":"https:\/\/hannesschlegel.com\/de\/wp-json\/wp\/v2\/comments?post=122"}],"version-history":[{"count":0,"href":"https:\/\/hannesschlegel.com\/de\/wp-json\/wp\/v2\/pages\/122\/revisions"}],"wp:attachment":[{"href":"https:\/\/hannesschlegel.com\/de\/wp-json\/wp\/v2\/media?parent=122"}],"curies":[{"name":"wp","href":"https:\/\/api.w.org\/{rel}","templated":true}]}}